{"id":167,"date":"2023-07-17T18:15:36","date_gmt":"2023-07-17T18:15:36","guid":{"rendered":"https:\/\/masajesensitges.com\/?page_id=167"},"modified":"2023-07-17T18:18:08","modified_gmt":"2023-07-17T18:18:08","slug":"politica-de-accesibilidad","status":"publish","type":"page","link":"https:\/\/masajesensitges.com\/index.php\/politica-de-accesibilidad\/","title":{"rendered":"Pol\u00edtica de Accesibilidad"},"content":{"rendered":"\t\t<div data-elementor-type=\"wp-page\" data-elementor-id=\"167\" class=\"elementor elementor-167\">\n\t\t\t\t\t\t\t\t\t<section class=\"elementor-section elementor-top-section elementor-element elementor-element-20430ea1 elementor-section-boxed elementor-section-height-default elementor-section-height-default\" data-id=\"20430ea1\" data-element_type=\"section\">\n\t\t\t\t\t\t<div class=\"elementor-container elementor-column-gap-default\">\n\t\t\t\t\t<div class=\"elementor-column elementor-col-100 elementor-top-column elementor-element elementor-element-46bb8380\" data-id=\"46bb8380\" data-element_type=\"column\">\n\t\t\t<div class=\"elementor-widget-wrap elementor-element-populated\">\n\t\t\t\t\t\t\t\t<div class=\"elementor-element elementor-element-3d46a5e5 elementor-widget elementor-widget-text-editor\" data-id=\"3d46a5e5\" data-element_type=\"widget\" data-widget_type=\"text-editor.default\">\n\t\t\t\t<div class=\"elementor-widget-container\">\n\t\t\t<style>\/*! elementor - v3.18.0 - 20-12-2023 *\/\n.elementor-widget-text-editor.elementor-drop-cap-view-stacked .elementor-drop-cap{background-color:#69727d;color:#fff}.elementor-widget-text-editor.elementor-drop-cap-view-framed .elementor-drop-cap{color:#69727d;border:3px solid;background-color:transparent}.elementor-widget-text-editor:not(.elementor-drop-cap-view-default) .elementor-drop-cap{margin-top:8px}.elementor-widget-text-editor:not(.elementor-drop-cap-view-default) .elementor-drop-cap-letter{width:1em;height:1em}.elementor-widget-text-editor .elementor-drop-cap{float:left;text-align:center;line-height:1;font-size:50px}.elementor-widget-text-editor .elementor-drop-cap-letter{display:inline-block}<\/style>\t\t\t\t<h3><strong class=\"ContentPasted0\">Pol\u00edtica de accesibilidad<\/strong><\/h3><p class=\"ContentPasted0\">La empresa Georespira se ha comprometido a hacer accesible su sitio web de conformidad con el Real Decreto 1112\/2018, de 7 de septiembre, sobre accesibilidad de los sitios web y aplicaciones para dispositivos m\u00f3viles del sector p\u00fablico, o desarrollos financiados desde Europa.<br class=\"ContentPasted0\" \/>La presente declaraci\u00f3n de accesibilidad se aplica al sitio web <a href=\"https:\/\/masajesensitges.com\/\">masajesensitges.com<\/a>\u00a0excluyendo los contenidos incrustados provenientes de otros dominios.<\/p><p class=\"ContentPasted0\"><strong class=\"ContentPasted0\">Situaci\u00f3n de cumplimiento<\/strong><br class=\"ContentPasted0\" \/>Este sitio web es Parcialmente conforme con el RD 1112\/2018 debido a la falta de conformidad de los aspectos que se indican a continuaci\u00f3n.<\/p><p class=\"ContentPasted0\"><strong class=\"ContentPasted0\">Contenido no accesible<\/strong><br class=\"ContentPasted0\" \/>El contenido que se recoge a continuaci\u00f3n no es accesible por los siguientes motivos:<\/p><ul><li class=\"ContentPasted0\">Falta de conformidad:<ul><li class=\"ContentPasted0\">Pueden existir algunas im\u00e1genes cuya alternativa no est\u00e9 implementada o no sea correcta \u2013 \u2013 Requisito 9.1.1.1 Contenido no textual UNE-EN 301549:2022<\/li><li class=\"ContentPasted0\">Puede haber elementos cuyo contraste no sea el suficiente en algunas p\u00e1ginas \u2013 Requisito 9.1.4.3 Contraste UNE-EN 301549:2020<\/li><li class=\"ContentPasted0\">Podr\u00edan existir fallos puntuales de edici\u00f3n en alguna p\u00e1gina web.<\/li><\/ul><\/li><li class=\"ContentPasted0\">Carga desproporcionada: No resulta aplicable.<\/li><li class=\"ContentPasted0\">El contenido no entra dentro del \u00e1mbito de la legislaci\u00f3n aplicable.<\/li><\/ul><p class=\"ContentPasted0\">Podr\u00edan existir archivos ofim\u00e1ticos en PDF u otros formatos publicados antes del 20 de septiembre de 2018 que no cumplan en su totalidad todos los requisitos de accesibilidad.\u2028Puede haber contenidos de terceros que no est\u00e9n desarrollados en esta Unidad, ni bajo su control, como archivos ofim\u00e1ticos de diferentes organismos que deban publicarse en este sitio.<\/p><p class=\"ContentPasted0\"><strong class=\"ContentPasted0\">Observaciones y datos de contacto<\/strong><br class=\"ContentPasted0\" \/>Puede realizar comunicaciones sobre requisitos de accesibilidad [art\u00edculo 10.2.a) del RD 1112\/2018] como, por ejemplo:<\/p><ul><li class=\"ContentPasted0\">Informar sobre cualquier posible incumplimiento por parte de este sitio web.<\/li><li class=\"ContentPasted0\">Transmitir otras dificultades de acceso al contenido.<\/li><li class=\"ContentPasted0\">Formular cualquier otra consulta o sugerencia de mejora relativa a la accesibilidad del sitio web a trav\u00e9s del siguiente formulario de<span class=\"ContentPasted0\">\u00a0<\/span><a href=\"https:\/\/masajesensitges.com\/#Contacto\">contacto<\/a>.<\/li><\/ul><p class=\"ContentPasted0\">Puede presentar:<\/p><ul><li class=\"ContentPasted0\">Una queja relativa al cumplimiento de los requisitos del RD 1112\/2018<\/li><li class=\"ContentPasted0\">Una solicitud de informaci\u00f3n accesible relativa a:<ul><li class=\"ContentPasted0\">Contenidos que est\u00e1n excluidos del \u00e1mbito de aplicaci\u00f3n del RD 1112\/2018 seg\u00fan lo establecido por el art\u00edculo 3, apartado 4.<\/li><li class=\"ContentPasted0\">Contenidos que est\u00e1n exentos del cumplimiento de los requisitos de accesibilidad por imponer una carga desproporcionada.<\/li><\/ul><\/li><\/ul><p class=\"ContentPasted0\">En la solicitud de informaci\u00f3n accesible, se debe concretar, con toda claridad, los hechos, razones y petici\u00f3n que permitan constatar que se trata de una solicitud razonable y leg\u00edtima.<\/p>\t\t\t\t\t\t<\/div>\n\t\t\t\t<\/div>\n\t\t\t\t\t<\/div>\n\t\t<\/div>\n\t\t\t\t\t\t\t<\/div>\n\t\t<\/section>\n\t\t\t\t<section class=\"elementor-section elementor-top-section elementor-element elementor-element-5dbf08ef elementor-section-boxed elementor-section-height-default elementor-section-height-default\" data-id=\"5dbf08ef\" data-element_type=\"section\" data-settings=\"{&quot;background_background&quot;:&quot;gradient&quot;}\">\n\t\t\t\t\t\t\t<div class=\"elementor-background-overlay\"><\/div>\n\t\t\t\t\t\t\t<div class=\"elementor-container elementor-column-gap-default\">\n\t\t\t\t\t<div class=\"elementor-column elementor-col-100 elementor-top-column elementor-element elementor-element-5b0f5498\" data-id=\"5b0f5498\" data-element_type=\"column\">\n\t\t\t<div class=\"elementor-widget-wrap elementor-element-populated\">\n\t\t\t\t\t\t\t\t<div class=\"elementor-element elementor-element-5304aee4 elementor-widget elementor-widget-heading\" data-id=\"5304aee4\" data-element_type=\"widget\" data-widget_type=\"heading.default\">\n\t\t\t\t<div class=\"elementor-widget-container\">\n\t\t\t<style>\/*! elementor - v3.18.0 - 20-12-2023 *\/\n.elementor-heading-title{padding:0;margin:0;line-height:1}.elementor-widget-heading .elementor-heading-title[class*=elementor-size-]>a{color:inherit;font-size:inherit;line-height:inherit}.elementor-widget-heading .elementor-heading-title.elementor-size-small{font-size:15px}.elementor-widget-heading .elementor-heading-title.elementor-size-medium{font-size:19px}.elementor-widget-heading .elementor-heading-title.elementor-size-large{font-size:29px}.elementor-widget-heading .elementor-heading-title.elementor-size-xl{font-size:39px}.elementor-widget-heading .elementor-heading-title.elementor-size-xxl{font-size:59px}<\/style><h6 class=\"elementor-heading-title elementor-size-default\">Financiado por la Uni\u00f3n Europea con el programa kit digital por los fondos next generation (EU) del mecanismo de recuperaci\u00f3n y resilencia<\/h6>\t\t<\/div>\n\t\t\t\t<\/div>\n\t\t\t\t<div class=\"elementor-element elementor-element-77b4fde1 elementor-widget elementor-widget-image\" data-id=\"77b4fde1\" data-element_type=\"widget\" data-widget_type=\"image.default\">\n\t\t\t\t<div class=\"elementor-widget-container\">\n\t\t\t<style>\/*! elementor - v3.18.0 - 20-12-2023 *\/\n.elementor-widget-image{text-align:center}.elementor-widget-image a{display:inline-block}.elementor-widget-image a img[src$=\".svg\"]{width:48px}.elementor-widget-image img{vertical-align:middle;display:inline-block}<\/style>\t\t\t\t\t\t\t\t\t\t\t\t<img fetchpriority=\"high\" decoding=\"async\" width=\"1024\" height=\"51\" src=\"https:\/\/masajesensitges.com\/wp-content\/uploads\/2023\/07\/Banner-subvencion-1024x51.png\" class=\"attachment-large size-large wp-image-169\" alt=\"\" srcset=\"https:\/\/masajesensitges.com\/wp-content\/uploads\/2023\/07\/Banner-subvencion-1024x51.png 1024w, https:\/\/masajesensitges.com\/wp-content\/uploads\/2023\/07\/Banner-subvencion-300x15.png 300w, https:\/\/masajesensitges.com\/wp-content\/uploads\/2023\/07\/Banner-subvencion-768x38.png 768w, https:\/\/masajesensitges.com\/wp-content\/uploads\/2023\/07\/Banner-subvencion-1536x77.png 1536w, https:\/\/masajesensitges.com\/wp-content\/uploads\/2023\/07\/Banner-subvencion-2048x102.png 2048w\" sizes=\"(max-width: 1024px) 100vw, 1024px\" \/>\t\t\t\t\t\t\t\t\t\t\t\t\t\t\t<\/div>\n\t\t\t\t<\/div>\n\t\t\t\t\t<\/div>\n\t\t<\/div>\n\t\t\t\t\t\t\t<\/div>\n\t\t<\/section>\n\t\t\t\t<section class=\"elementor-section elementor-top-section elementor-element elementor-element-6310a6a8 elementor-section-boxed elementor-section-height-default elementor-section-height-default\" data-id=\"6310a6a8\" data-element_type=\"section\">\n\t\t\t\t\t\t<div class=\"elementor-container elementor-column-gap-default\">\n\t\t\t\t\t<div class=\"elementor-column elementor-col-100 elementor-top-column elementor-element elementor-element-3e3ff129\" data-id=\"3e3ff129\" data-element_type=\"column\">\n\t\t\t<div class=\"elementor-widget-wrap elementor-element-populated\">\n\t\t\t\t\t\t\t\t<section class=\"elementor-section elementor-inner-section elementor-element elementor-element-e3daeee elementor-section-full_width elementor-section-height-default elementor-section-height-default\" data-id=\"e3daeee\" data-element_type=\"section\" data-settings=\"{&quot;background_background&quot;:&quot;classic&quot;}\">\n\t\t\t\t\t\t<div class=\"elementor-container elementor-column-gap-default\">\n\t\t\t\t\t<div class=\"elementor-column elementor-col-33 elementor-inner-column elementor-element elementor-element-6482214f\" data-id=\"6482214f\" data-element_type=\"column\">\n\t\t\t<div class=\"elementor-widget-wrap elementor-element-populated\">\n\t\t\t\t\t\t\t\t<div class=\"elementor-element elementor-element-20ed991c elementor-widget elementor-widget-text-editor\" data-id=\"20ed991c\" data-element_type=\"widget\" data-widget_type=\"text-editor.default\">\n\t\t\t\t<div class=\"elementor-widget-container\">\n\t\t\t\t\t\t\t<p><a href=\"https:\/\/masajesensitges.com\/index.php\/privacy-policy\/\">Pol\u00edtica de Privacidad y Cookies<\/a><\/p>\t\t\t\t\t\t<\/div>\n\t\t\t\t<\/div>\n\t\t\t\t\t<\/div>\n\t\t<\/div>\n\t\t\t\t<div class=\"elementor-column elementor-col-33 elementor-inner-column elementor-element elementor-element-3f629caa\" data-id=\"3f629caa\" data-element_type=\"column\">\n\t\t\t<div class=\"elementor-widget-wrap elementor-element-populated\">\n\t\t\t\t\t\t\t\t<div class=\"elementor-element elementor-element-29212888 elementor-widget elementor-widget-text-editor\" data-id=\"29212888\" data-element_type=\"widget\" data-widget_type=\"text-editor.default\">\n\t\t\t\t<div class=\"elementor-widget-container\">\n\t\t\t\t\t\t\t<p><a href=\"https:\/\/masajesensitges.com\/index.php\/politica-de-accesibilidad\/\">Pol\u00edtica de Accesibilidad<\/a><\/p>\t\t\t\t\t\t<\/div>\n\t\t\t\t<\/div>\n\t\t\t\t\t<\/div>\n\t\t<\/div>\n\t\t\t\t<div class=\"elementor-column elementor-col-33 elementor-inner-column elementor-element elementor-element-72215abd\" data-id=\"72215abd\" data-element_type=\"column\">\n\t\t\t<div class=\"elementor-widget-wrap elementor-element-populated\">\n\t\t\t\t\t\t\t\t<div class=\"elementor-element elementor-element-6f50f6f0 elementor-widget elementor-widget-image\" data-id=\"6f50f6f0\" data-element_type=\"widget\" data-widget_type=\"image.default\">\n\t\t\t\t<div class=\"elementor-widget-container\">\n\t\t\t\t\t\t\t\t\t\t\t\t\t\t\t\t<a href=\"https:\/\/www.dmca.com\/r\/33kkxkm\" target=\"_blank\">\n\t\t\t\t\t\t\t<img decoding=\"async\" src=\"https:\/\/masajesensitges.com\/wp-content\/uploads\/elementor\/thumbs\/Logo-DMCA-q9k3o3otpcryuog5m2dwzhejtqbxmttluxpbcgcwyk.png\" title=\"Logo-DMCA.png\" alt=\"Logo-DMCA.png\" loading=\"lazy\" \/>\t\t\t\t\t\t\t\t<\/a>\n\t\t\t\t\t\t\t\t\t\t\t\t\t\t\t<\/div>\n\t\t\t\t<\/div>\n\t\t\t\t\t<\/div>\n\t\t<\/div>\n\t\t\t\t\t\t\t<\/div>\n\t\t<\/section>\n\t\t\t\t\t<\/div>\n\t\t<\/div>\n\t\t\t\t\t\t\t<\/div>\n\t\t<\/section>\n\t\t\t\t<section class=\"elementor-section elementor-top-section elementor-element elementor-element-f6d9beb elementor-section-height-min-height elementor-section-full_width elementor-section-height-default elementor-section-items-middle\" data-id=\"f6d9beb\" data-element_type=\"section\" data-settings=\"{&quot;background_background&quot;:&quot;classic&quot;}\">\n\t\t\t\t\t\t<div class=\"elementor-container elementor-column-gap-no\">\n\t\t\t\t\t<div class=\"elementor-column elementor-col-100 elementor-top-column elementor-element elementor-element-766a87a\" data-id=\"766a87a\" data-element_type=\"column\">\n\t\t\t<div class=\"elementor-widget-wrap elementor-element-populated\">\n\t\t\t\t\t\t\t\t<div class=\"elementor-element elementor-element-fdd8498 elementor-widget elementor-widget-heading\" data-id=\"fdd8498\" data-element_type=\"widget\" data-widget_type=\"heading.default\">\n\t\t\t\t<div class=\"elementor-widget-container\">\n\t\t\t<p class=\"elementor-heading-title elementor-size-default\"><a href=\"http:\/\/ayudaendigital.com\">\u00a9 2026 Jos\u00e9 Mandesi - Salud Hol\u00edstica Integrativa <br> WEB dise\u00f1ada con \u2764\ufe0f por <a href=\"https:\/\/ayudaendigital.com\/\">ayudaendigital.com<\/a><\/a><\/p>\t\t<\/div>\n\t\t\t\t<\/div>\n\t\t\t\t\t<\/div>\n\t\t<\/div>\n\t\t\t\t\t\t\t<\/div>\n\t\t<\/section>\n\t\t\t\t\t\t\t<\/div>\n\t\t","protected":false},"excerpt":{"rendered":"<p>Pol\u00edtica de accesibilidad La empresa Georespira se ha comprometido a hacer accesible su sitio web de conformidad con el Real Decreto 1112\/2018, de 7 de septiembre, sobre accesibilidad de los sitios web y aplicaciones para dispositivos m\u00f3viles del sector p\u00fablico, o desarrollos financiados desde Europa.La presente declaraci\u00f3n de accesibilidad se aplica al sitio web masajesensitges.com\u00a0excluyendo &hellip;<\/p>\n<p class=\"read-more\"> <a class=\"\" href=\"https:\/\/masajesensitges.com\/index.php\/politica-de-accesibilidad\/\"> <span class=\"screen-reader-text\">Pol\u00edtica de Accesibilidad<\/span> Leer m\u00e1s &raquo;<\/a><\/p>\n","protected":false},"author":1,"featured_media":0,"parent":0,"menu_order":0,"comment_status":"closed","ping_status":"closed","template":"","meta":{"site-sidebar-layout":"no-sidebar","site-content-layout":"page-builder","ast-global-header-display":"","ast-banner-title-visibility":"","ast-main-header-display":"","ast-hfb-above-header-display":"","ast-hfb-below-header-display":"","ast-hfb-mobile-header-display":"","site-post-title":"disabled","ast-breadcrumbs-content":"","ast-featured-img":"disabled","footer-sml-layout":"","theme-transparent-header-meta":"","adv-header-id-meta":"","stick-header-meta":"","header-above-stick-meta":"","header-main-stick-meta":"","header-below-stick-meta":"","footnotes":""},"class_list":["post-167","page","type-page","status-publish","hentry"],"yoast_head":"<!-- This site is optimized with the Yoast SEO plugin v21.9.1 - https:\/\/yoast.com\/wordpress\/plugins\/seo\/ -->\n<title>Pol\u00edtica de Accesibilidad - Masajes en Sitjes<\/title>\n<meta name=\"robots\" content=\"index, follow, max-snippet:-1, max-image-preview:large, max-video-preview:-1\" \/>\n<link rel=\"canonical\" href=\"https:\/\/masajesensitges.com\/index.php\/politica-de-accesibilidad\/\" \/>\n<meta property=\"og:locale\" content=\"es_ES\" \/>\n<meta property=\"og:type\" content=\"article\" \/>\n<meta property=\"og:title\" content=\"Pol\u00edtica de Accesibilidad - Masajes en Sitjes\" \/>\n<meta property=\"og:description\" content=\"Pol\u00edtica de accesibilidad La empresa Georespira se ha comprometido a hacer accesible su sitio web de conformidad con el Real Decreto 1112\/2018, de 7 de septiembre, sobre accesibilidad de los sitios web y aplicaciones para dispositivos m\u00f3viles del sector p\u00fablico, o desarrollos financiados desde Europa.La presente declaraci\u00f3n de accesibilidad se aplica al sitio web masajesensitges.com\u00a0excluyendo &hellip; Pol\u00edtica de Accesibilidad Leer m\u00e1s &raquo;\" \/>\n<meta property=\"og:url\" content=\"https:\/\/masajesensitges.com\/index.php\/politica-de-accesibilidad\/\" \/>\n<meta property=\"og:site_name\" content=\"Masajes en Sitjes\" \/>\n<meta property=\"article:modified_time\" content=\"2023-07-17T18:18:08+00:00\" \/>\n<meta property=\"og:image\" content=\"https:\/\/masajesensitges.com\/wp-content\/uploads\/2023\/07\/Banner-subvencion-1024x51.png\" \/>\n<meta name=\"twitter:card\" content=\"summary_large_image\" \/>\n<meta name=\"twitter:label1\" content=\"Tiempo de lectura\" \/>\n\t<meta name=\"twitter:data1\" content=\"3 minutos\" \/>\n<script type=\"application\/ld+json\" class=\"yoast-schema-graph\">{\"@context\":\"https:\/\/schema.org\",\"@graph\":[{\"@type\":\"WebPage\",\"@id\":\"https:\/\/masajesensitges.com\/index.php\/politica-de-accesibilidad\/\",\"url\":\"https:\/\/masajesensitges.com\/index.php\/politica-de-accesibilidad\/\",\"name\":\"Pol\u00edtica de Accesibilidad - Masajes en Sitjes\",\"isPartOf\":{\"@id\":\"https:\/\/masajesensitges.com\/#website\"},\"datePublished\":\"2023-07-17T18:15:36+00:00\",\"dateModified\":\"2023-07-17T18:18:08+00:00\",\"breadcrumb\":{\"@id\":\"https:\/\/masajesensitges.com\/index.php\/politica-de-accesibilidad\/#breadcrumb\"},\"inLanguage\":\"es\",\"potentialAction\":[{\"@type\":\"ReadAction\",\"target\":[\"https:\/\/masajesensitges.com\/index.php\/politica-de-accesibilidad\/\"]}]},{\"@type\":\"BreadcrumbList\",\"@id\":\"https:\/\/masajesensitges.com\/index.php\/politica-de-accesibilidad\/#breadcrumb\",\"itemListElement\":[{\"@type\":\"ListItem\",\"position\":1,\"name\":\"Portada\",\"item\":\"https:\/\/masajesensitges.com\/\"},{\"@type\":\"ListItem\",\"position\":2,\"name\":\"Pol\u00edtica de Accesibilidad\"}]},{\"@type\":\"WebSite\",\"@id\":\"https:\/\/masajesensitges.com\/#website\",\"url\":\"https:\/\/masajesensitges.com\/\",\"name\":\"Masajes en Sitjes\",\"description\":\"Salud Hol\u00edstica Integrativa\",\"publisher\":{\"@id\":\"https:\/\/masajesensitges.com\/#organization\"},\"potentialAction\":[{\"@type\":\"SearchAction\",\"target\":{\"@type\":\"EntryPoint\",\"urlTemplate\":\"https:\/\/masajesensitges.com\/?s={search_term_string}\"},\"query-input\":\"required name=search_term_string\"}],\"inLanguage\":\"es\"},{\"@type\":\"Organization\",\"@id\":\"https:\/\/masajesensitges.com\/#organization\",\"name\":\"Masajes en Sitjes\",\"url\":\"https:\/\/masajesensitges.com\/\",\"logo\":{\"@type\":\"ImageObject\",\"inLanguage\":\"es\",\"@id\":\"https:\/\/masajesensitges.com\/#\/schema\/logo\/image\/\",\"url\":\"\",\"contentUrl\":\"\",\"caption\":\"Masajes en Sitjes\"},\"image\":{\"@id\":\"https:\/\/masajesensitges.com\/#\/schema\/logo\/image\/\"}}]}<\/script>\n<!-- \/ Yoast SEO plugin. -->","yoast_head_json":{"title":"Pol\u00edtica de Accesibilidad - Masajes en Sitjes","robots":{"index":"index","follow":"follow","max-snippet":"max-snippet:-1","max-image-preview":"max-image-preview:large","max-video-preview":"max-video-preview:-1"},"canonical":"https:\/\/masajesensitges.com\/index.php\/politica-de-accesibilidad\/","og_locale":"es_ES","og_type":"article","og_title":"Pol\u00edtica de Accesibilidad - Masajes en Sitjes","og_description":"Pol\u00edtica de accesibilidad La empresa Georespira se ha comprometido a hacer accesible su sitio web de conformidad con el Real Decreto 1112\/2018, de 7 de septiembre, sobre accesibilidad de los sitios web y aplicaciones para dispositivos m\u00f3viles del sector p\u00fablico, o desarrollos financiados desde Europa.La presente declaraci\u00f3n de accesibilidad se aplica al sitio web masajesensitges.com\u00a0excluyendo &hellip; Pol\u00edtica de Accesibilidad Leer m\u00e1s &raquo;","og_url":"https:\/\/masajesensitges.com\/index.php\/politica-de-accesibilidad\/","og_site_name":"Masajes en Sitjes","article_modified_time":"2023-07-17T18:18:08+00:00","og_image":[{"url":"https:\/\/masajesensitges.com\/wp-content\/uploads\/2023\/07\/Banner-subvencion-1024x51.png"}],"twitter_card":"summary_large_image","twitter_misc":{"Tiempo de lectura":"3 minutos"},"schema":{"@context":"https:\/\/schema.org","@graph":[{"@type":"WebPage","@id":"https:\/\/masajesensitges.com\/index.php\/politica-de-accesibilidad\/","url":"https:\/\/masajesensitges.com\/index.php\/politica-de-accesibilidad\/","name":"Pol\u00edtica de Accesibilidad - Masajes en Sitjes","isPartOf":{"@id":"https:\/\/masajesensitges.com\/#website"},"datePublished":"2023-07-17T18:15:36+00:00","dateModified":"2023-07-17T18:18:08+00:00","breadcrumb":{"@id":"https:\/\/masajesensitges.com\/index.php\/politica-de-accesibilidad\/#breadcrumb"},"inLanguage":"es","potentialAction":[{"@type":"ReadAction","target":["https:\/\/masajesensitges.com\/index.php\/politica-de-accesibilidad\/"]}]},{"@type":"BreadcrumbList","@id":"https:\/\/masajesensitges.com\/index.php\/politica-de-accesibilidad\/#breadcrumb","itemListElement":[{"@type":"ListItem","position":1,"name":"Portada","item":"https:\/\/masajesensitges.com\/"},{"@type":"ListItem","position":2,"name":"Pol\u00edtica de Accesibilidad"}]},{"@type":"WebSite","@id":"https:\/\/masajesensitges.com\/#website","url":"https:\/\/masajesensitges.com\/","name":"Masajes en Sitjes","description":"Salud Hol\u00edstica Integrativa","publisher":{"@id":"https:\/\/masajesensitges.com\/#organization"},"potentialAction":[{"@type":"SearchAction","target":{"@type":"EntryPoint","urlTemplate":"https:\/\/masajesensitges.com\/?s={search_term_string}"},"query-input":"required name=search_term_string"}],"inLanguage":"es"},{"@type":"Organization","@id":"https:\/\/masajesensitges.com\/#organization","name":"Masajes en Sitjes","url":"https:\/\/masajesensitges.com\/","logo":{"@type":"ImageObject","inLanguage":"es","@id":"https:\/\/masajesensitges.com\/#\/schema\/logo\/image\/","url":"","contentUrl":"","caption":"Masajes en Sitjes"},"image":{"@id":"https:\/\/masajesensitges.com\/#\/schema\/logo\/image\/"}}]}},"jetpack_sharing_enabled":true,"_links":{"self":[{"href":"https:\/\/masajesensitges.com\/index.php\/wp-json\/wp\/v2\/pages\/167","targetHints":{"allow":["GET"]}}],"collection":[{"href":"https:\/\/masajesensitges.com\/index.php\/wp-json\/wp\/v2\/pages"}],"about":[{"href":"https:\/\/masajesensitges.com\/index.php\/wp-json\/wp\/v2\/types\/page"}],"author":[{"embeddable":true,"href":"https:\/\/masajesensitges.com\/index.php\/wp-json\/wp\/v2\/users\/1"}],"replies":[{"embeddable":true,"href":"https:\/\/masajesensitges.com\/index.php\/wp-json\/wp\/v2\/comments?post=167"}],"version-history":[{"count":8,"href":"https:\/\/masajesensitges.com\/index.php\/wp-json\/wp\/v2\/pages\/167\/revisions"}],"predecessor-version":[{"id":181,"href":"https:\/\/masajesensitges.com\/index.php\/wp-json\/wp\/v2\/pages\/167\/revisions\/181"}],"wp:attachment":[{"href":"https:\/\/masajesensitges.com\/index.php\/wp-json\/wp\/v2\/media?parent=167"}],"curies":[{"name":"wp","href":"https:\/\/api.w.org\/{rel}","templated":true}]}}